{"id":4687,"date":"2020-08-18T08:38:53","date_gmt":"2020-08-18T06:38:53","guid":{"rendered":"https:\/\/webshop.bobbins.be\/product\/11-8-kloppel-mechelner-spitze-olea-de-copaiba\/"},"modified":"2024-05-22T17:32:33","modified_gmt":"2024-05-22T15:32:33","slug":"11-8-kloppel-mechelner-spitze-olea-de-copaiba","status":"publish","type":"product","link":"https:\/\/webshop.bobbins.be\/de\/produkt\/11-8-kloppel-mechelner-spitze-olea-de-copaiba\/","title":{"rendered":"11. 8  Kl\u00f6ppel Mechelner Spitze Ol\u00e9a de Copaiba"},"content":{"rendered":"<p>Diese Kl\u00f6ppel sind mit Hochglanz versehen.<\/p>\n<p><strong>Dieses Produkt wird nicht mehr hergestellt. Letzte Kl\u00f6ppel !<\/strong><\/p>\n<p>Abmessungen und Gewicht k\u00f6nnen variieren!<\/p>\n<p>Pro 50 St\u00fcck: -10%.<\/p>\n","protected":false},"excerpt":{"rendered":"<p>Diese Kl\u00f6ppel sind mit Hochglanz versehen.<\/p>\n<p><strong>Dieses Produkt wird nicht mehr hergestellt. Letzte Kl\u00f6ppel !<\/strong><\/p>\n<p>Abmessungen und Gewicht k\u00f6nnen variieren!<\/p>\n<p>Pro 50 St\u00fcck: -10%.<\/p>\n","protected":false},"featured_media":2504,"menu_order":0,"template":"","meta":[],"product_brand":[],"product_cat":[152,148,445,485],"product_tag":[],"class_list":{"0":"post-4687","1":"product","2":"type-product","3":"status-publish","4":"has-post-thumbnail","6":"product_cat-kloppel","7":"product_cat-11-mm-kloppel-mechelner-spitze","8":"product_cat-auslaufend","9":"product_cat-olea-de-copaiba-de","10":"pa_houtsoort-olea-de-copaiba-de","12":"first","13":"instock","14":"taxable","15":"shipping-taxable","16":"purchasable","17":"product-type-simple"},"_links":{"self":[{"href":"https:\/\/webshop.bobbins.be\/de\/wp-json\/wp\/v2\/product\/4687","targetHints":{"allow":["GET"]}}],"collection":[{"href":"https:\/\/webshop.bobbins.be\/de\/wp-json\/wp\/v2\/product"}],"about":[{"href":"https:\/\/webshop.bobbins.be\/de\/wp-json\/wp\/v2\/types\/product"}],"version-history":[{"count":2,"href":"https:\/\/webshop.bobbins.be\/de\/wp-json\/wp\/v2\/product\/4687\/revisions"}],"predecessor-version":[{"id":6874,"href":"https:\/\/webshop.bobbins.be\/de\/wp-json\/wp\/v2\/product\/4687\/revisions\/6874"}],"wp:featuredmedia":[{"embeddable":true,"href":"https:\/\/webshop.bobbins.be\/de\/wp-json\/wp\/v2\/media\/2504"}],"wp:attachment":[{"href":"https:\/\/webshop.bobbins.be\/de\/wp-json\/wp\/v2\/media?parent=4687"}],"wp:term":[{"taxonomy":"product_brand","embeddable":true,"href":"https:\/\/webshop.bobbins.be\/de\/wp-json\/wp\/v2\/product_brand?post=4687"},{"taxonomy":"product_cat","embeddable":true,"href":"https:\/\/webshop.bobbins.be\/de\/wp-json\/wp\/v2\/product_cat?post=4687"},{"taxonomy":"product_tag","embeddable":true,"href":"https:\/\/webshop.bobbins.be\/de\/wp-json\/wp\/v2\/product_tag?post=4687"}],"curies":[{"name":"wp","href":"https:\/\/api.w.org\/{rel}","templated":true}]}}