{"id":17835,"date":"2026-03-22T11:41:05","date_gmt":"2026-03-22T09:41:05","guid":{"rendered":"https:\/\/webshop.bobbins.be\/?post_type=product&#038;p=17835"},"modified":"2026-03-22T13:52:58","modified_gmt":"2026-03-22T11:52:58","slug":"95-15-fuseau-duchesse-rosaline-ebene-kopie","status":"publish","type":"product","link":"https:\/\/webshop.bobbins.be\/fr\/produit\/95-15-fuseau-duchesse-rosaline-ebene-kopie\/","title":{"rendered":"95.14 Fuseau Duchesse rosaline Pink Ivory"},"content":{"rendered":"<p>Ces fuseaux sont finis avec une finition brillante.<\/p>\n<p>Il est rare que nous puissions nous procurer cette essence de bois. C&#8217;est pourquoi ces fuseaux ne sont disponibles qu&#8217;en quantit\u00e9 limit\u00e9e. S&#8217;ils ne sont pas en stock, n&#8217;h\u00e9sitez pas \u00e0 nous contacter.<\/p>\n<p>Les dimensions et le poids peuvent varier ! Le prix s&#8217;entend \u00e0 l&#8217;unit\u00e9 !<\/p>\n<p>Par lot de 50 pi\u00e8ces : -10 %<\/p>\n","protected":false},"excerpt":{"rendered":"<p>Ces fuseaux sont finis avec une finition brillante.<\/p>\n<p>Il est rare que nous puissions nous procurer cette essence de bois. C&#8217;est pourquoi ces fuseaux ne sont disponibles qu&#8217;en quantit\u00e9 limit\u00e9e. S&#8217;ils ne sont pas en stock, n&#8217;h\u00e9sitez pas \u00e0 nous contacter.<\/p>\n<p>Les dimensions et le poids peuvent varier ! Le prix s&#8217;entend \u00e0 l&#8217;unit\u00e9 !<\/p>\n<p>Par lot de 50 pi\u00e8ces : -10 %<\/p>\n","protected":false},"featured_media":17915,"menu_order":0,"template":"","meta":[],"product_brand":[],"product_cat":[112,160,537,505],"product_tag":[],"class_list":{"0":"post-17835","1":"product","2":"type-product","3":"status-publish","4":"has-post-thumbnail","6":"product_cat-fuseaux","7":"product_cat-fuseau-duchesse-rosaline","8":"product_cat-nouveau","9":"product_cat-pink-ivory-fr","10":"pa_houtsoort-ebene","12":"first","13":"instock","14":"taxable","15":"shipping-taxable","16":"purchasable","17":"product-type-simple"},"_links":{"self":[{"href":"https:\/\/webshop.bobbins.be\/fr\/wp-json\/wp\/v2\/product\/17835","targetHints":{"allow":["GET"]}}],"collection":[{"href":"https:\/\/webshop.bobbins.be\/fr\/wp-json\/wp\/v2\/product"}],"about":[{"href":"https:\/\/webshop.bobbins.be\/fr\/wp-json\/wp\/v2\/types\/product"}],"version-history":[{"count":1,"href":"https:\/\/webshop.bobbins.be\/fr\/wp-json\/wp\/v2\/product\/17835\/revisions"}],"predecessor-version":[{"id":17884,"href":"https:\/\/webshop.bobbins.be\/fr\/wp-json\/wp\/v2\/product\/17835\/revisions\/17884"}],"wp:featuredmedia":[{"embeddable":true,"href":"https:\/\/webshop.bobbins.be\/fr\/wp-json\/wp\/v2\/media\/17915"}],"wp:attachment":[{"href":"https:\/\/webshop.bobbins.be\/fr\/wp-json\/wp\/v2\/media?parent=17835"}],"wp:term":[{"taxonomy":"product_brand","embeddable":true,"href":"https:\/\/webshop.bobbins.be\/fr\/wp-json\/wp\/v2\/product_brand?post=17835"},{"taxonomy":"product_cat","embeddable":true,"href":"https:\/\/webshop.bobbins.be\/fr\/wp-json\/wp\/v2\/product_cat?post=17835"},{"taxonomy":"product_tag","embeddable":true,"href":"https:\/\/webshop.bobbins.be\/fr\/wp-json\/wp\/v2\/product_tag?post=17835"}],"curies":[{"name":"wp","href":"https:\/\/api.w.org\/{rel}","templated":true}]}}