{"id":5008,"date":"2020-08-19T12:13:56","date_gmt":"2020-08-19T10:13:56","guid":{"rendered":"https:\/\/webshop.bobbins.be\/product\/bi-23-modele-binche-pau-rosa\/"},"modified":"2024-05-22T17:00:27","modified_gmt":"2024-05-22T15:00:27","slug":"bi-23-modele-binche-pau-rosa","status":"publish","type":"product","link":"https:\/\/webshop.bobbins.be\/fr\/produit\/bi-23-modele-binche-pau-rosa\/","title":{"rendered":"BI.23 Mod\u00e8le Binche Pau rosa"},"content":{"rendered":"<p>Ces fuseaux sont finis avec une brillance \u00e9lev\u00e9e.<\/p>\n<p>Normalement ce produit est toujours disponnible. Si ce n&#8217;est pas le cas, veuillez nous contacter.<\/p>\n<p>Les dimensions et le poids peuvent varier!<\/p>\n<p>Par 50 pi\u00e8ces: -10%, Par 500 pi\u00e8ces: -15%.<\/p>\n","protected":false},"excerpt":{"rendered":"<p>Ces fuseaux sont finis avec une brillance \u00e9lev\u00e9e.<\/p>\n<p>Normalement ce produit est toujours disponnible. Si ce n&#8217;est pas le cas, veuillez nous contacter.<\/p>\n<p>Les dimensions et le poids peuvent varier!<\/p>\n<p>Par 50 pi\u00e8ces: -10%, Par 500 pi\u00e8ces: -15%.<\/p>\n","protected":false},"featured_media":2860,"menu_order":0,"template":"","meta":[],"product_brand":[],"product_cat":[112,187,497],"product_tag":[],"class_list":{"0":"post-5008","1":"product","2":"type-product","3":"status-publish","4":"has-post-thumbnail","6":"product_cat-fuseaux","7":"product_cat-modele-binche","8":"product_cat-pau-rosa-fr","9":"pa_houtsoort-pau-rosa-fr","11":"first","12":"instock","13":"taxable","14":"shipping-taxable","15":"purchasable","16":"product-type-simple"},"_links":{"self":[{"href":"https:\/\/webshop.bobbins.be\/fr\/wp-json\/wp\/v2\/product\/5008","targetHints":{"allow":["GET"]}}],"collection":[{"href":"https:\/\/webshop.bobbins.be\/fr\/wp-json\/wp\/v2\/product"}],"about":[{"href":"https:\/\/webshop.bobbins.be\/fr\/wp-json\/wp\/v2\/types\/product"}],"version-history":[{"count":1,"href":"https:\/\/webshop.bobbins.be\/fr\/wp-json\/wp\/v2\/product\/5008\/revisions"}],"predecessor-version":[{"id":5028,"href":"https:\/\/webshop.bobbins.be\/fr\/wp-json\/wp\/v2\/product\/5008\/revisions\/5028"}],"wp:featuredmedia":[{"embeddable":true,"href":"https:\/\/webshop.bobbins.be\/fr\/wp-json\/wp\/v2\/media\/2860"}],"wp:attachment":[{"href":"https:\/\/webshop.bobbins.be\/fr\/wp-json\/wp\/v2\/media?parent=5008"}],"wp:term":[{"taxonomy":"product_brand","embeddable":true,"href":"https:\/\/webshop.bobbins.be\/fr\/wp-json\/wp\/v2\/product_brand?post=5008"},{"taxonomy":"product_cat","embeddable":true,"href":"https:\/\/webshop.bobbins.be\/fr\/wp-json\/wp\/v2\/product_cat?post=5008"},{"taxonomy":"product_tag","embeddable":true,"href":"https:\/\/webshop.bobbins.be\/fr\/wp-json\/wp\/v2\/product_tag?post=5008"}],"curies":[{"name":"wp","href":"https:\/\/api.w.org\/{rel}","templated":true}]}}