{"id":6449,"date":"2020-09-06T20:31:48","date_gmt":"2020-09-06T18:31:48","guid":{"rendered":"https:\/\/webshop.bobbins.be\/product\/ppv-10-piquoir-reglable-amarant\/"},"modified":"2025-09-23T10:39:57","modified_gmt":"2025-09-23T08:39:57","slug":"ppv-10-piquoir-reglable-amarant","status":"publish","type":"product","link":"https:\/\/webshop.bobbins.be\/fr\/produit\/ppv-10-piquoir-reglable-amarant\/","title":{"rendered":"PPV.10  Piquoir r\u00e9glable Amarant"},"content":{"rendered":"<p>Ce produit est fini avec une brillance \u00e9lev\u00e9e.<\/p>\n<p>Normalement ce produit est toujours disponnible. Si ce n&#8217;est pas le cas, veuillez nous contacter.<\/p>\n<p>Les dimensions et le poids peuvent varier!<\/p>\n","protected":false},"excerpt":{"rendered":"<p>Ce produit est fini avec une brillance \u00e9lev\u00e9e.<\/p>\n<p>Normalement ce produit est toujours disponnible. Si ce n&#8217;est pas le cas, veuillez nous contacter.<\/p>\n<p>Les dimensions et le poids peuvent varier!<\/p>\n","protected":false},"featured_media":3980,"menu_order":0,"template":"","meta":[],"product_brand":[],"product_cat":[410,537,436,451],"product_tag":[],"class_list":{"0":"post-6449","1":"product","2":"type-product","3":"status-publish","4":"has-post-thumbnail","6":"product_cat-accessoires","7":"product_cat-nouveau","8":"product_cat-piquoir-reglable","9":"product_cat-amarant-fr","10":"pa_houtsoort-amarant-fr","12":"first","13":"instock","14":"taxable","15":"shipping-taxable","16":"purchasable","17":"product-type-simple"},"_links":{"self":[{"href":"https:\/\/webshop.bobbins.be\/fr\/wp-json\/wp\/v2\/product\/6449","targetHints":{"allow":["GET"]}}],"collection":[{"href":"https:\/\/webshop.bobbins.be\/fr\/wp-json\/wp\/v2\/product"}],"about":[{"href":"https:\/\/webshop.bobbins.be\/fr\/wp-json\/wp\/v2\/types\/product"}],"version-history":[{"count":1,"href":"https:\/\/webshop.bobbins.be\/fr\/wp-json\/wp\/v2\/product\/6449\/revisions"}],"predecessor-version":[{"id":6458,"href":"https:\/\/webshop.bobbins.be\/fr\/wp-json\/wp\/v2\/product\/6449\/revisions\/6458"}],"wp:featuredmedia":[{"embeddable":true,"href":"https:\/\/webshop.bobbins.be\/fr\/wp-json\/wp\/v2\/media\/3980"}],"wp:attachment":[{"href":"https:\/\/webshop.bobbins.be\/fr\/wp-json\/wp\/v2\/media?parent=6449"}],"wp:term":[{"taxonomy":"product_brand","embeddable":true,"href":"https:\/\/webshop.bobbins.be\/fr\/wp-json\/wp\/v2\/product_brand?post=6449"},{"taxonomy":"product_cat","embeddable":true,"href":"https:\/\/webshop.bobbins.be\/fr\/wp-json\/wp\/v2\/product_cat?post=6449"},{"taxonomy":"product_tag","embeddable":true,"href":"https:\/\/webshop.bobbins.be\/fr\/wp-json\/wp\/v2\/product_tag?post=6449"}],"curies":[{"name":"wp","href":"https:\/\/api.w.org\/{rel}","templated":true}]}}