{"id":7770,"date":"2020-11-15T17:56:01","date_gmt":"2020-11-15T15:56:02","guid":{"rendered":"https:\/\/webshop.bobbins.be\/?post_type=product&#038;p=7770"},"modified":"2020-11-16T18:03:09","modified_gmt":"2020-11-16T16:03:09","slug":"zwk-131-fuseau-suisse-petit-multicolor-camo-supreme","status":"publish","type":"product","link":"https:\/\/webshop.bobbins.be\/fr\/produit\/zwk-131-fuseau-suisse-petit-multicolor-camo-supreme\/","title":{"rendered":"ZWK.131  Fuseau Suisse petit multicolor Camo supreme"},"content":{"rendered":"<p>Ces fuseaux sont finis avec une brillance \u00e9lev\u00e9e.<\/p>\n<p><strong>Ce produit n&#8217;est plus fabriqu\u00e9. Derni\u00e8res pi\u00e8ces!<\/strong><\/p>\n<p>Les dimensions et le poids peuvent varier!<\/p>\n","protected":false},"excerpt":{"rendered":"<p>Ces fuseaux sont finis avec une brillance \u00e9lev\u00e9e.<\/p>\n<p><strong>Ce produit n&#8217;est plus fabriqu\u00e9. Derni\u00e8res pi\u00e8ces!<\/strong><\/p>\n<p>Les dimensions et le poids peuvent varier!<\/p>\n","protected":false},"featured_media":7746,"menu_order":0,"template":"","meta":[],"product_brand":[],"product_cat":[112,446,223,546],"product_tag":[],"class_list":{"0":"post-7770","1":"product","2":"type-product","3":"status-publish","4":"has-post-thumbnail","6":"product_cat-fuseaux","7":"product_cat-fin-de-serie","8":"product_cat-fuseau-suisse-petit","9":"product_cat-colore","11":"first","12":"outofstock","13":"taxable","14":"shipping-taxable","15":"purchasable","16":"product-type-simple"},"_links":{"self":[{"href":"https:\/\/webshop.bobbins.be\/fr\/wp-json\/wp\/v2\/product\/7770","targetHints":{"allow":["GET"]}}],"collection":[{"href":"https:\/\/webshop.bobbins.be\/fr\/wp-json\/wp\/v2\/product"}],"about":[{"href":"https:\/\/webshop.bobbins.be\/fr\/wp-json\/wp\/v2\/types\/product"}],"version-history":[{"count":2,"href":"https:\/\/webshop.bobbins.be\/fr\/wp-json\/wp\/v2\/product\/7770\/revisions"}],"predecessor-version":[{"id":8025,"href":"https:\/\/webshop.bobbins.be\/fr\/wp-json\/wp\/v2\/product\/7770\/revisions\/8025"}],"wp:featuredmedia":[{"embeddable":true,"href":"https:\/\/webshop.bobbins.be\/fr\/wp-json\/wp\/v2\/media\/7746"}],"wp:attachment":[{"href":"https:\/\/webshop.bobbins.be\/fr\/wp-json\/wp\/v2\/media?parent=7770"}],"wp:term":[{"taxonomy":"product_brand","embeddable":true,"href":"https:\/\/webshop.bobbins.be\/fr\/wp-json\/wp\/v2\/product_brand?post=7770"},{"taxonomy":"product_cat","embeddable":true,"href":"https:\/\/webshop.bobbins.be\/fr\/wp-json\/wp\/v2\/product_cat?post=7770"},{"taxonomy":"product_tag","embeddable":true,"href":"https:\/\/webshop.bobbins.be\/fr\/wp-json\/wp\/v2\/product_tag?post=7770"}],"curies":[{"name":"wp","href":"https:\/\/api.w.org\/{rel}","templated":true}]}}